{"id":2033,"date":"2022-02-18T18:23:13","date_gmt":"2022-02-18T16:23:13","guid":{"rendered":"https:\/\/washexpert.md\/?page_id=2033"},"modified":"2022-02-20T22:11:57","modified_gmt":"2022-02-20T20:11:57","slug":"despre-noi","status":"publish","type":"page","link":"https:\/\/washexpert.md\/ro\/despre-noi\/","title":{"rendered":"Despre noi"},"content":{"rendered":"<section class=\"wpb-content-wrapper\"><p>[vc_row css=&#8221;.vc_custom_1645125658010{margin-bottom: 30px !important;padding-bottom: 60px !important;}&#8221;][vc_column][vc_column_text]<img loading=\"lazy\" decoding=\"async\" class=\"alignleft wp-image-2163\" src=\"https:\/\/washexpert.md\/wp-content\/uploads\/2016\/06\/about.jpg\" alt=\"\" width=\"324\" height=\"216\" srcset=\"https:\/\/washexpert.md\/wp-content\/uploads\/2016\/06\/about.jpg 600w, https:\/\/washexpert.md\/wp-content\/uploads\/2016\/06\/about-300x200.jpg 300w\" sizes=\"auto, (max-width: 324px) 100vw, 324px\" \/>Fabrica noastr\u0103 de cur\u0103\u021bare a covoarelor &#8222;Wash EXPERT&#8221; este specializat\u0103 \u00een cur\u0103\u021barea covoarelor, inclusiv produse exclusive realizate manual. Vom selecta mijloacele \u0219i metodele optime, av\u00e2nd \u00een vedere materialul, tipul \u0219i gradul de contaminare. \u00cen fabrica noastr\u0103 lucreaz\u0103 exper\u021bi!<\/p>\n<p>Cu toat\u0103 responsabilitatea, ne putem declara c\u0103 avem autoriza\u021bie pentru acest tip de activitate, ceea ce \u00eenseamn\u0103 c\u0103 sunt prev\u0103zute \u0219i respectate toate normele sanitare, inclusiv personalul \u0219i spa\u021biile de produc\u021bie, care includ: suprafe\u021be de cur\u0103\u021bare; uscare; depozitare.<\/p>\n<p>\u00cen ceea ce prive\u0219te detergen\u021bii, aplic\u0103m numai detergen\u021bi certifica\u021bi \u0219i absolut siguri ai m\u0103rcii wieberr din Turcia, astfel \u00eenc\u00e2t s\u0103 pute\u021bi fi complet siguri c\u0103 dup\u0103 sp\u0103lare covorul dvs. va reveni la dvs. nu numai perfect curat, ci \u0219i absolut inofensiv pentru s\u0103n\u0103tatea dumneavoastr\u0103.[\/vc_column_text][\/vc_column][\/vc_row][vc_row][vc_column]<div id=\"sc_services_1179146945_wrap\" class=\"sc_services_wrap\"><div id=\"sc_services_1179146945\" class=\"sc_services sc_services_style_services-1 sc_services_type_images \" style=\"width:100%;\"><h2 class=\"sc_services_title sc_item_title\">Toate tipurile de servicii de cur\u0103\u021b\u0103torie chimic\u0103 \u00een Chi\u0219in\u0103u<\/h2><h6 class=\"sc_services_subtitle sc_item_subtitle\">ai incredere in profesionisti:<\/h6><div class=\"sc_columns columns_wrap\"><div class=\"column-1_3 column_padding_bottom\">\t\t\t<div id=\"sc_services_1179146945_1\"\t\t\t\tclass=\"sc_services_item sc_services_item_1 odd first\"\n\t\t\t\t>\n\t\t\t\t\t\t\t\t\t<div class=\"sc_services_item_featured post_featured\">\n\t\t\t\t\t\t\t<div class=\"post_thumb\" data-image=\"https:\/\/washexpert.md\/wp-content\/uploads\/2016\/06\/wm7.jpg\" data-title=\"Cur\u0103\u021barea \u0219i sp\u0103larea covoarelor\">\n\t<a class=\"hover_icon hover_icon_link\" href=\"https:\/\/washexpert.md\/ro\/services\/curatarea-si-spalarea-covoarelor\/\"><img loading=\"lazy\" decoding=\"async\" class=\"wp-post-image\" width=\"370\" height=\"370\" alt=\"Cur\u0103\u021barea \u0219i sp\u0103larea covoarelor\" src=\"https:\/\/washexpert.md\/wp-content\/uploads\/2016\/06\/wm7-370x370.jpg\"><\/a>\t<\/div>\n\t\t\t\t\t\t<\/div>\n\t\t\t\t\t\t\t\t\t<div class=\"sc_services_item_content\">\n\t\t\t\t\t<h4 class=\"sc_services_item_title\"><a href=\"https:\/\/washexpert.md\/ro\/services\/curatarea-si-spalarea-covoarelor\/\">Cur\u0103\u021barea \u0219i sp\u0103larea covoarelor<\/a><\/h4>\n\t\t\t\t\t<div class=\"sc_services_item_description\">\n\t\t\t\t\t\t<p>Spalarea covoarelor cu scoaterea si livrarea celui mai convenabil tip de serviciu. Pentru majoritatea covoarelor, sp\u0103larea este cel mai bun \u0219i mai...<\/p>\t\t\t\t\t<\/div>\n\t\t\t\t<\/div>\n\t\t\t<\/div>\n\t\t<\/div><div class=\"column-1_3 column_padding_bottom\">\t\t\t<div id=\"sc_services_1179146945_2\"\t\t\t\tclass=\"sc_services_item sc_services_item_2 even\"\n\t\t\t\t>\n\t\t\t\t\t\t\t\t\t<div class=\"sc_services_item_featured post_featured\">\n\t\t\t\t\t\t\t<div class=\"post_thumb\" data-image=\"https:\/\/washexpert.md\/wp-content\/uploads\/2016\/06\/blanket.jpg\" data-title=\"Cur\u0103\u021barea \u0219i sp\u0103larea cuverturilor \u0219i a p\u0103turilor\">\n\t<a class=\"hover_icon hover_icon_link\" href=\"https:\/\/washexpert.md\/ro\/services\/curatarea-si-spalarea-cuverturilor-si-a-paturilor\/\"><img loading=\"lazy\" decoding=\"async\" class=\"wp-post-image\" width=\"370\" height=\"370\" alt=\"Cur\u0103\u021barea \u0219i sp\u0103larea cuverturilor \u0219i a p\u0103turilor\" src=\"https:\/\/washexpert.md\/wp-content\/uploads\/2016\/06\/blanket-370x370.jpg\"><\/a>\t<\/div>\n\t\t\t\t\t\t<\/div>\n\t\t\t\t\t\t\t\t\t<div class=\"sc_services_item_content\">\n\t\t\t\t\t<h4 class=\"sc_services_item_title\"><a href=\"https:\/\/washexpert.md\/ro\/services\/curatarea-si-spalarea-cuverturilor-si-a-paturilor\/\">Cur\u0103\u021barea \u0219i sp\u0103larea cuverturilor \u0219i a p\u0103turilor<\/a><\/h4>\n\t\t\t\t\t<div class=\"sc_services_item_description\">\n\t\t\t\t\t\t<p>Cur\u0103\u021barea sau sp\u0103larea se face \u00een conformitate cu etichetarea produc\u0103torului, cu recomand\u0103ri de prelucrare \u0219i \u00een absen\u021ba acestuia, tehnologi...<\/p>\t\t\t\t\t<\/div>\n\t\t\t\t<\/div>\n\t\t\t<\/div>\n\t\t<\/div><div class=\"column-1_3 column_padding_bottom\">\t\t\t<div id=\"sc_services_1179146945_3\"\t\t\t\tclass=\"sc_services_item sc_services_item_3 odd\"\n\t\t\t\t>\n\t\t\t\t\t\t\t\t\t<div class=\"sc_services_item_featured post_featured\">\n\t\t\t\t\t\t\t<div class=\"post_thumb\" data-image=\"https:\/\/washexpert.md\/wp-content\/uploads\/2016\/06\/bl1.jpg\" data-title=\"Cur\u0103\u021barea chimic\u0103 a mobilierului\">\n\t<a class=\"hover_icon hover_icon_link\" href=\"https:\/\/washexpert.md\/ro\/services\/curatarea-chimica-a-mobilierului\/\"><img loading=\"lazy\" decoding=\"async\" class=\"wp-post-image\" width=\"370\" height=\"370\" alt=\"Cur\u0103\u021barea chimic\u0103 a mobilierului\" src=\"https:\/\/washexpert.md\/wp-content\/uploads\/2016\/06\/bl1-370x370.jpg\"><\/a>\t<\/div>\n\t\t\t\t\t\t<\/div>\n\t\t\t\t\t\t\t\t\t<div class=\"sc_services_item_content\">\n\t\t\t\t\t<h4 class=\"sc_services_item_title\"><a href=\"https:\/\/washexpert.md\/ro\/services\/curatarea-chimica-a-mobilierului\/\">Cur\u0103\u021barea chimic\u0103 a mobilierului<\/a><\/h4>\n\t\t\t\t\t<div class=\"sc_services_item_description\">\n\t\t\t\t\t\t<p>Ca urmare a cur\u0103\u021b\u0103rii chimice, interiorul dumneavoastr\u0103 se va schimba \u00een bine. Lucrurile vor dob\u00e2ndi din nou prospe\u021bime \u0219i noutate.<\/p>\t\t\t\t\t<\/div>\n\t\t\t\t<\/div>\n\t\t\t<\/div>\n\t\t<\/div><\/div><\/div><!-- \/.sc_services --><\/div><!-- \/.sc_services_wrap -->[\/vc_column][\/vc_row][vc_row full_width=&#8221;stretch_row&#8221; css=&#8221;.vc_custom_1645125453804{margin-top: 60px !important;margin-bottom: 60px !important;padding-top: 60px !important;padding-bottom: 60px !important;background-color: #eaeaea !important;}&#8221;][vc_column][vc_tta_accordion color=&#8221;sky&#8221; spacing=&#8221;5&#8243; c_align=&#8221;center&#8221; active_section=&#8221;1&#8243; collapsible_all=&#8221;true&#8221; title=&#8221; \u00centreb\u0103ri frecvente (FAQ)&#8221;][vc_tta_section title=&#8221;Prin ce se difer\u0103 cur\u0103\u021barea palaselor la domiciliu de la cur\u0103\u021barea acestora \u00een atelier?&#8221; tab_id=&#8221;1645124465039-75f08cda-82e4&#8243;][vc_column_text]<\/p>\n<div id=\"collapseOne\" class=\"collapse show\" aria-labelledby=\"headingOne\" data-parent=\"#accordionExample\">\n<div class=\"card-body lead\">\u00cen atelier, producem o cur\u0103\u021bare complet\u0103 a covorului. Acest lucru v\u0103 permite s\u0103 elimina\u021bi toate particulele de murd\u0103rie nu numai de pe suprafa\u021b\u0103, ci \u0219i la baza covorului, unde se acumuleaz\u0103 o cantitate imens\u0103 de praf. De asemenea, av\u00e2nd \u00een vedere faptul c\u0103 oferim servicii \u00een atelier, nu va trebui s\u0103 v\u0103 confrunta\u021bi cu nici o incomoditate legat\u0103 de \u0219ederea prelungit\u0103 a str\u0103inilor \u00een apartamentul dvs. Este demn de remarcat faptul c\u0103, atunci c\u00e2nd cur\u0103\u021barea se desf\u0103\u0219oar\u0103 \u00een atelier, nu v\u0103 deterior\u0103m podeaua.<\/div>\n<\/div>\n<p>[\/vc_column_text][\/vc_tta_section][vc_tta_section title=&#8221;Pot fi sigur c\u0103 toate petele \u0219i mirosurile sunt eliminate?&#8221; tab_id=&#8221;1645124465049-884c5833-ca60&#8243;][vc_column_text]<\/p>\n<div id=\"collapseTwo\" class=\"collapse show\" aria-labelledby=\"headingTwo\" data-parent=\"#accordionExample\">\n<div class=\"card-body lead\">V\u0103 garant\u0103m c\u0103 vom depune toate eforturile pentru a v\u0103 cur\u0103\u021ba covorul de orice fel de murd\u0103rie. \u00cen ceea ce prive\u0219te pata specific\u0103, nu putem fi responsabili pentru rezultat f\u0103r\u0103 a cunoa\u0219te istoria originii sale: &#8211; c\u00e2t timp a trecut de la apari\u021bia petei, &#8211; cum a ap\u0103rut pata, &#8211; ce ac\u021biuni au fost deja \u00eentreprinse pentru \u00eenl\u0103turarea acesteia etc. &#8211; unele pete nu pot fi sp\u0103late f\u0103r\u0103 a deforma covorul \u00een sine. Le vom face c\u00e2t mai invizibile posibil \u0219i, \u00een acela\u0219i timp, vom p\u0103stra structura covorului intact.<\/div>\n<\/div>\n<p>[\/vc_column_text][\/vc_tta_section][vc_tta_section title=&#8221;Este o astfel de sp\u0103lare sigur\u0103 pentru s\u0103n\u0103tate? Ce mijloace folosi\u021bi?&#8221; tab_id=&#8221;1645124684763-1e53771a-e20c&#8221;][vc_column_text]<\/p>\n<div id=\"collapseThree\" class=\"collapse show\" aria-labelledby=\"headingThree\" data-parent=\"#accordionExample\">\n<div class=\"card-body lead\">Tehnologiile noastre de sp\u0103lare sunt 100% sigure pentru s\u0103n\u0103tatea adul\u021bilor, copiilor, animalelor de companie \u0219i alergicilor. Folosim detergen\u021bi de rufe ecologice de la produc\u0103torii Europeni.<\/div>\n<\/div>\n<p>[\/vc_column_text][\/vc_tta_section][vc_tta_section title=&#8221;Covorul va r\u0103m\u00e2ne \u00eentreg? Nu va merge \u00een valuri?&#8221; tab_id=&#8221;1645124732988-31f1462a-83be&#8221;][vc_column_text]<\/p>\n<div id=\"collapseFour\" class=\"collapse show\" aria-labelledby=\"headingFour\" data-parent=\"#accordionExample\">\n<div class=\"card-body lead\">Ne asum\u0103m responsabilitatea pentru integritatea covorului. Folosim tehnologia de sp\u0103lare delicat\u0103 &#8222;inteligent\u0103&#8221;. Mijloacele de sp\u0103lare sunt selectate individual pentru materialul \u0219i structura covorului. \u00centregul proces de sp\u0103lare este reglat fin \u0219i controlat de operator. Primim \u00een avans toate informa\u021biile despre cum a fost cur\u0103\u021bat covorul \u00eenainte de noi \u0219i lu\u0103m \u00een considerare acest lucru \u00een procesul de lucru. Numai \u00een cazul informa\u021biilor incorecte pe produs de la produc\u0103tor, sunt posibile nuan\u021be nea\u0219teptate.<\/div>\n<\/div>\n<p>[\/vc_column_text][\/vc_tta_section][vc_tta_section title=&#8221;Exist\u0103 un serviciu de sp\u0103lare a covorului dup\u0103 inunda\u021bii \/ incendiu?&#8221; tab_id=&#8221;1645124807114-da626ae6-3a80&#8243;][vc_column_text]<\/p>\n<div id=\"collapseFive\" class=\"collapse show\" aria-labelledby=\"headingFive\" data-parent=\"#accordionExample\">\n<div class=\"card-body lead\">Da, este.<\/div>\n<\/div>\n<p>[\/vc_column_text][\/vc_tta_section][vc_tta_section title=&#8221;Covorul se va usca \u00een ziua livr\u0103rii \u00eenapoi?&#8221; tab_id=&#8221;1645124898358-b4bb3e20-a96b&#8221;][vc_column_text]<\/p>\n<div id=\"collapseSix\" class=\"collapse show\" aria-labelledby=\"headingSix\" data-parent=\"#accordionExample\">\n<div class=\"card-body lead\">\n<div id=\"collapseSix\" class=\"collapse show\" aria-labelledby=\"headingSix\" data-parent=\"#accordionExample\">\n<div class=\"card-body lead\">Da, desigur, v\u0103 ve\u021bi lua covorul la momentul stabilit. Produsul se usuc\u0103 complet \u00eentr-un atelier special care men\u021bine o temperatur\u0103 constant\u0103 \u0219i un nivel sc\u0103zut de umiditate!<\/div>\n<\/div>\n<\/div>\n<\/div>\n<p>[\/vc_column_text][\/vc_tta_section][vc_tta_section title=&#8221;\u00centr-adev\u0103r sp\u0103la\u021bi cu ajutorul echipamentului industrial?&#8221; tab_id=&#8221;1645124964164-6e2086dd-52f2&#8243;][vc_column_text]<\/p>\n<div id=\"collapseSeven\" class=\"collapse show\" aria-labelledby=\"headingSeven\" data-parent=\"#accordionExample\">\n<div class=\"card-body lead\">\n<div id=\"collapseSeven\" class=\"collapse show\" aria-labelledby=\"headingSeven\" data-parent=\"#accordionExample\">\n<div class=\"card-body lead\">Da, folosim cele mai recente echipamente europene de sp\u0103lare industrial\u0103 \u0219i detergen\u021bi specializa\u021bi pentru covoare. Tehnologia de sp\u0103lare este patentat\u0103 \u0219i utilizat\u0103 \u00een \u00eentreaga lume.<\/div>\n<\/div>\n<\/div>\n<\/div>\n<p>[\/vc_column_text][\/vc_tta_section][\/vc_tta_accordion][\/vc_column][\/vc_row][vc_row css=&#8221;.vc_custom_1467811737916{margin-top: 7.9rem !important;}&#8221;][vc_column]<div id=\"sc_services_1686217189_wrap\" class=\"sc_services_wrap\"><div id=\"sc_services_1686217189\" class=\"sc_services sc_services_style_services-1 sc_services_type_icons \" style=\"width:100%;\"><h2 class=\"sc_services_title sc_item_title\">Cum func\u021bioneaz\u0103 serviciul nostru<\/h2><h6 class=\"sc_services_subtitle sc_item_subtitle\">totul este foarte simplu \u0219i u\u0219or<\/h6><div class=\"sc_columns columns_wrap\"><div class=\"column-1_3 column_padding_bottom\">\t\t\t<div id=\"sc_services_1686217189_1\"\t\t\t\tclass=\"sc_services_item sc_services_item_1 odd first\"\n\t\t\t\t>\n\t\t\t\t<a href=\"https:\/\/washexpert.md\/ro\/services\/vom-veni-sa-va-ridicam-covoarele\/\"><span class=\"sc_icon icon-icon2\"><\/span><\/a>\t\t\t\t<div class=\"sc_services_item_content\">\n\t\t\t\t\t<h4 class=\"sc_services_item_title\"><a href=\"https:\/\/washexpert.md\/ro\/services\/vom-veni-sa-va-ridicam-covoarele\/\">Vom veni s\u0103 v\u0103 ridic\u0103m covoarele<\/a><\/h4>\n\t\t\t\t\t<div class=\"sc_services_item_description\">\n\t\t\t\t\t\t<p>Vom veni s\u0103 v\u0103 ridic\u0103m covoarele<\/p>\t\t\t\t\t<\/div>\n\t\t\t\t<\/div>\n\t\t\t<\/div>\n\t\t<\/div><div class=\"column-1_3 column_padding_bottom\">\t\t\t<div id=\"sc_services_1686217189_2\"\t\t\t\tclass=\"sc_services_item sc_services_item_2 even\"\n\t\t\t\t>\n\t\t\t\t<a href=\"https:\/\/washexpert.md\/ro\/services\/covorul-se-curata-cu-atentie\/\"><span class=\"sc_icon icon-icon3\"><\/span><\/a>\t\t\t\t<div class=\"sc_services_item_content\">\n\t\t\t\t\t<h4 class=\"sc_services_item_title\"><a href=\"https:\/\/washexpert.md\/ro\/services\/covorul-se-curata-cu-atentie\/\">Covorul se cur\u0103\u021b\u0103 cu aten\u021bie<\/a><\/h4>\n\t\t\t\t\t<div class=\"sc_services_item_description\">\n\t\t\t\t\t\t<p>Covorul se cur\u0103\u021b\u0103 cu aten\u021bie<\/p>\t\t\t\t\t<\/div>\n\t\t\t\t<\/div>\n\t\t\t<\/div>\n\t\t<\/div><div class=\"column-1_3 column_padding_bottom\">\t\t\t<div id=\"sc_services_1686217189_3\"\t\t\t\tclass=\"sc_services_item sc_services_item_3 odd\"\n\t\t\t\t>\n\t\t\t\t<a href=\"https:\/\/washexpert.md\/ro\/services\/livram-covoare-curate-acasa\/\"><span class=\"sc_icon icon-home\"><\/span><\/a>\t\t\t\t<div class=\"sc_services_item_content\">\n\t\t\t\t\t<h4 class=\"sc_services_item_title\"><a href=\"https:\/\/washexpert.md\/ro\/services\/livram-covoare-curate-acasa\/\">Livr\u0103m covoare curate acas\u0103<\/a><\/h4>\n\t\t\t\t\t<div class=\"sc_services_item_description\">\n\t\t\t\t\t\t<p>Livr\u0103m covoare curate acas\u0103<\/p>\t\t\t\t\t<\/div>\n\t\t\t\t<\/div>\n\t\t\t<\/div>\n\t\t<\/div><\/div><\/div><!-- \/.sc_services --><\/div><!-- \/.sc_services_wrap -->[\/vc_column][\/vc_row]<\/p>\n<\/section>","protected":false},"excerpt":{"rendered":"<p>[vc_row css=&#8221;.vc_custom_1645125658010{margin-bottom: 30px !important;padding-bottom: 60px !important;}&#8221;][vc_column][vc_column_text]Fabrica noastr\u0103 de cur\u0103\u021bare a covoarelor &#8222;Wash EXPERT&#8221; este specializat\u0103 \u00een cur\u0103\u021barea covoarelor, inclusiv produse exclusive realizate manual. Vom selecta mijloacele \u0219i metodele optime, av\u00e2nd \u00een vedere materialul, tipul \u0219i gradul de contaminare. \u00cen fabrica noastr\u0103 lucreaz\u0103 exper\u021bi! Cu toat\u0103 responsabilitatea, ne putem declara c\u0103 avem autoriza\u021bie pentru acest tip [&hellip;]<\/p>\n","protected":false},"author":1,"featured_media":0,"parent":0,"menu_order":0,"comment_status":"closed","ping_status":"closed","template":"","meta":{"footnotes":""},"class_list":["post-2033","page","type-page","status-publish","hentry"],"aioseo_notices":[],"_links":{"self":[{"href":"https:\/\/washexpert.md\/ro\/wp-json\/wp\/v2\/pages\/2033","targetHints":{"allow":["GET"]}}],"collection":[{"href":"https:\/\/washexpert.md\/ro\/wp-json\/wp\/v2\/pages"}],"about":[{"href":"https:\/\/washexpert.md\/ro\/wp-json\/wp\/v2\/types\/page"}],"author":[{"embeddable":true,"href":"https:\/\/washexpert.md\/ro\/wp-json\/wp\/v2\/users\/1"}],"replies":[{"embeddable":true,"href":"https:\/\/washexpert.md\/ro\/wp-json\/wp\/v2\/comments?post=2033"}],"version-history":[{"count":12,"href":"https:\/\/washexpert.md\/ro\/wp-json\/wp\/v2\/pages\/2033\/revisions"}],"predecessor-version":[{"id":2166,"href":"https:\/\/washexpert.md\/ro\/wp-json\/wp\/v2\/pages\/2033\/revisions\/2166"}],"wp:attachment":[{"href":"https:\/\/washexpert.md\/ro\/wp-json\/wp\/v2\/media?parent=2033"}],"curies":[{"name":"wp","href":"https:\/\/api.w.org\/{rel}","templated":true}]}}