{"id":2095,"date":"2022-02-19T13:05:03","date_gmt":"2022-02-19T11:05:03","guid":{"rendered":"https:\/\/washexpert.md\/?page_id=2095"},"modified":"2025-08-19T12:11:33","modified_gmt":"2025-08-19T10:11:33","slug":"serviciile","status":"publish","type":"page","link":"https:\/\/washexpert.md\/ro\/serviciile\/","title":{"rendered":"Serviciile"},"content":{"rendered":"<section class=\"wpb-content-wrapper\"><p>[vc_row][vc_column][vc_column_text]<\/p>\n<h2 style=\"text-align: center;\">\u0426\u0435\u043d\u044b \u043d\u0430 \u0443\u0441\u043b\u0443\u0433\u0438 \u0425\u0438\u043c\u0447\u0438\u0441\u0442\u043a\u0438 \u043a\u043e\u0432\u0440\u043e\u0432<\/h2>\n<table width=\"0\" align=\"center\">\n<tbody>\n<tr>\n<td width=\"175\"><img loading=\"lazy\" decoding=\"async\" class=\"alignleft size-full wp-image-2353\" src=\"https:\/\/washexpert.md\/wp-content\/uploads\/2023\/08\/kovry.jpg\" alt=\"\" width=\"158\" height=\"107\" \/><\/td>\n<td><strong>\u0427\u0438\u0441\u0442\u043a\u0430 \u043a\u043e\u0432\u0440\u043e\u0432 (\u0441\u0430\u043c\u043e\u0432\u044b\u0432\u043e\u0437)<\/strong><\/p>\n<p><strong>\u0427\u0438\u0441\u0442\u043a\u0430 \u043a\u043e\u0432\u0440\u043e\u0432 (\u0441 \u0434\u043e\u0441\u0442\u0430\u0432\u043a\u043e\u0439)<\/strong><\/td>\n<td width=\"57\"><strong>1\u043c2 <\/strong><\/p>\n<p><strong>1\u043c2<\/strong><\/td>\n<td width=\"95\"><strong>40 \u043b\u0435\u0439<\/strong><\/p>\n<p><strong>50 \u043b\u0435\u0439<\/strong><\/td>\n<\/tr>\n<tr>\n<td width=\"175\"><img loading=\"lazy\" decoding=\"async\" class=\"alignleft size-full wp-image-2358\" src=\"https:\/\/washexpert.md\/wp-content\/uploads\/2023\/08\/odeyala.jpg\" alt=\"\" width=\"158\" height=\"158\" srcset=\"https:\/\/washexpert.md\/wp-content\/uploads\/2023\/08\/odeyala.jpg 158w, https:\/\/washexpert.md\/wp-content\/uploads\/2023\/08\/odeyala-150x150.jpg 150w, https:\/\/washexpert.md\/wp-content\/uploads\/2023\/08\/odeyala-100x100.jpg 100w\" sizes=\"auto, (max-width: 158px) 100vw, 158px\" \/><\/td>\n<td><strong>\u041e\u0434\u0435\u044f\u043b\u043e \u0441\u0438\u043d\u0442\u0435\u043f\u043e\u043d\u043e\u0432\u043e\u0435 \u043f\u043e\u043b\u0443\u0442\u043e\u0440\u043d\u043e\u0435<\/strong><\/p>\n<p><strong>\u041e\u0434\u0435\u044f\u043b\u043e \u0441\u0438\u043d\u0442\u0435\u043f\u043e\u043d\u043e\u0432\u043e\u0435 \u0434\u0432\u0443\u0441\u043f\u0430\u043b\u044c\u043d\u043e\u0435 (\u0441\u0432\u044b\u0448\u0435 150 \u0441\u043c)<\/strong><\/td>\n<td width=\"57\"><strong>1 \u0448\u0442<\/strong><\/p>\n<p><strong>1 \u0448\u0442<\/strong><\/td>\n<td width=\"95\"><strong>250 \u043b\u0435\u0439<\/strong><\/p>\n<p><strong>30<\/strong><strong>0 \u043b\u0435\u0439<\/strong><\/td>\n<\/tr>\n<tr>\n<td width=\"175\"><img loading=\"lazy\" decoding=\"async\" class=\"alignleft size-full wp-image-2360\" src=\"https:\/\/washexpert.md\/wp-content\/uploads\/2023\/08\/pledy.jpg\" alt=\"\" width=\"158\" height=\"111\" \/><\/td>\n<td><strong>\u041f\u043b\u0435\u0434, \u043f\u043e\u043a\u0440\u044b\u0432\u0430\u043b\u043e \u043f\u043e\u043b\u0443\u0442\u043e\u0440\u043d\u044b\u0439<\/strong><\/p>\n<p><strong>\u041f\u043b\u0435\u0434, \u043f\u043e\u043a\u0440\u044b\u0432\u0430\u043b\u043e \u0434\u0432\u0443\u0441\u043f\u0430\u043b\u044c\u043d\u044b\u0439<\/strong><\/p>\n<p><strong>\u041f\u043b\u0435\u0434 \u0434\u0432\u043e\u0439\u043d\u043e\u0439 \u0438\u0437 \u0438\u0441\u043a\u0443\u0441\u0441\u0442\u0432\u0435\u043d\u043d\u043e\u0433\u043e \u043c\u0435\u0445\u0430 \u043f\u043e\u043b\u0443\u0442\u043e\u0440\u043d\u044b\u0439 (150*200)<\/strong><\/p>\n<p><strong>\u041f\u043b\u0435\u0434 \u0434\u0432\u043e\u0439\u043d\u043e\u0439 \u0438\u0437 \u0438\u0441\u043a\u0443\u0441\u0441\u0442\u0432\u0435\u043d\u043d\u043e\u0433\u043e \u043c\u0435\u0445\u0430 \u0434\u0432\u0443\u0441\u043f\u0430\u043b\u044c\u043d\u044b\u0439<\/strong><\/td>\n<td width=\"57\"><strong>1 \u0448\u0442.<\/strong><\/p>\n<p><strong>1\u0448\u0442.<\/strong><\/p>\n<p><strong>\u00a0<\/strong><strong>1 \u0448\u0442.<\/strong><\/p>\n<p><strong>\u00a0<\/strong><strong>1 \u0448\u0442 <\/strong><\/td>\n<td width=\"95\"><strong>200 \u043b\u0435\u0439<\/strong><\/p>\n<p><strong>250 \u043b\u0435\u0439<\/strong><\/p>\n<p><strong>\u00a0<\/strong><strong>250 \u043b\u0435\u0439<\/strong><\/p>\n<p><strong>\u00a0<\/strong><strong>30<\/strong><strong>0 \u043b\u0435\u0439<\/strong><\/td>\n<\/tr>\n<tr>\n<td width=\"175\"><img loading=\"lazy\" decoding=\"async\" class=\"alignleft size-full wp-image-2362\" src=\"https:\/\/washexpert.md\/wp-content\/uploads\/2023\/08\/igrushki.jpg\" alt=\"\" width=\"160\" height=\"102\" \/><\/td>\n<td><strong>\u0425\u0438\u043c\u0447\u0438\u0441\u0442\u043a\u0430 \u043c\u044f\u0433\u043a\u0438\u0445\u00a0\u00a0 \u0438\u0433\u0440\u0443\u0448\u0435\u043a<\/strong><strong>.<\/strong><\/td>\n<td width=\"57\"><strong>1 \u0448\u0442.<\/strong><\/td>\n<td width=\"95\"><strong>50-<\/strong><strong>30<\/strong><strong>0 \u043b\u0435\u0439<\/strong><\/td>\n<\/tr>\n<tr>\n<td width=\"175\"><img loading=\"lazy\" decoding=\"async\" class=\"alignleft size-full wp-image-2364\" src=\"https:\/\/washexpert.md\/wp-content\/uploads\/2023\/08\/kolyaski.jpg\" alt=\"\" width=\"143\" height=\"76\" \/><\/td>\n<td><strong>\u0425\u0438\u043c\u0447\u0438\u0441\u0442\u043a\u0430\u00a0 \u043a\u043e\u043b\u044f\u0441\u043e\u043a, \u0430\u0432\u0442\u043e\u043a\u0440\u0435\u0441\u0435\u043b<\/strong><\/td>\n<td width=\"57\"><strong>1 \u0448\u0442.<\/strong><\/td>\n<td width=\"95\"><strong>200-<\/strong><strong>60<\/strong><strong>0 \u043b\u0435\u0439<\/strong><\/td>\n<\/tr>\n<\/tbody>\n<\/table>\n<p>&nbsp;<\/p>\n<p style=\"padding-left: 120px;\"><strong>\u0414\u043e\u043f\u043e\u043b\u043d\u0438\u0442\u0435\u043b\u044c\u043d\u044b\u0435 \u0443\u0441\u043b\u0443\u0433\u0438<\/strong>, \u0442\u0430\u043a\u0438\u0435 \u043a\u0430\u043a \u0432\u044b\u0432\u0435\u0434\u0435\u043d\u0438\u0435 \u043f\u044f\u0442\u0435\u043d \u0440\u0430\u0437\u043c\u0435\u0440\u043e\u043c \u0431\u043e\u043b\u044c\u0448\u0435 5 \u0441\u043c, \u0443\u0441\u0442\u0440\u0430\u043d\u0435\u043d\u0438\u0435 \u0437\u0430\u043f\u0430\u0445\u0430, \u2013 \u043f\u043e \u0434\u043e\u0433\u043e\u0432\u043e\u0440\u0435\u043d\u043d\u043e\u0441\u0442\u0438.<br \/>\n<strong>\u0417\u0430\u0442\u043e\u043f\u043b\u0435\u043d\u043d\u044b\u0435 \u043a\u043e\u0432\u0440\u044b<\/strong> +50% \u043e\u0442 \u0441\u0442\u043e\u0438\u043c\u043e\u0441\u0442\u0438.<br \/>\n<strong>\u0414\u043e\u0441\u0442\u0430\u0432\u043a\u0430 \u043a\u043e\u0432\u0440\u043e\u0432 \u043e\u0442 15 \u043c2 \u0431\u0435\u0441\u043f\u043b\u0430\u0442\u043d\u0430\u044f \u043f\u043e \u041a\u0438\u0448\u0438\u043d\u0435\u0432\u0443<\/strong>, \u0435\u0441\u043b\u0438 \u0443 \u0432\u0430\u0441 \u043c\u0435\u043d\u044c\u0448\u0435, \u0442\u043e \u0434\u043e\u0441\u0442\u0430\u0432\u043a\u0430 &#8211; 100 \u043b\u0435\u0439.<\/p>\n<p>[\/vc_column_text][vc_empty_space height=&#8221;70px&#8221;][vc_separator el_width=&#8221;70&#8243;][vc_column_text]<\/p>\n<h2 style=\"text-align: center;\">\u0426\u0435\u043d\u044b \u043d\u0430 \u0443\u0441\u043b\u0443\u0433\u0438 \u0425\u0438\u043c\u0447\u0438\u0441\u0442\u043a\u0438 \u043c\u0435\u0431\u0435\u043b\u0438<\/h2>\n<table width=\"0\" align=\"center\">\n<tbody>\n<tr>\n<td><img loading=\"lazy\" decoding=\"async\" class=\"alignleft size-full wp-image-2379\" src=\"https:\/\/washexpert.md\/wp-content\/uploads\/2023\/08\/stulo.jpg\" alt=\"\" width=\"114\" height=\"114\" srcset=\"https:\/\/washexpert.md\/wp-content\/uploads\/2023\/08\/stulo.jpg 114w, https:\/\/washexpert.md\/wp-content\/uploads\/2023\/08\/stulo-100x100.jpg 100w\" sizes=\"auto, (max-width: 114px) 100vw, 114px\" \/><\/td>\n<td width=\"245\"><strong>\u0425\u0438\u043c\u0447\u0438\u0441\u0442\u043a\u0430 \u0441\u0442\u0443\u043b\u0430<\/strong><\/td>\n<td width=\"73\"><strong>1 \u0448\u0442.<\/strong><\/td>\n<td width=\"143\"><strong>\u041e\u0442 50-120 \u043b\u0435\u0439<\/strong><\/td>\n<\/tr>\n<tr>\n<td><img loading=\"lazy\" decoding=\"async\" class=\"alignleft size-full wp-image-2381\" src=\"https:\/\/washexpert.md\/wp-content\/uploads\/2023\/08\/kreslo.jpg\" alt=\"\" width=\"108\" height=\"108\" srcset=\"https:\/\/washexpert.md\/wp-content\/uploads\/2023\/08\/kreslo.jpg 108w, https:\/\/washexpert.md\/wp-content\/uploads\/2023\/08\/kreslo-100x100.jpg 100w\" sizes=\"auto, (max-width: 108px) 100vw, 108px\" \/><\/td>\n<td width=\"245\"><strong>\u0425\u0438\u043c\u0447\u0438\u0441\u0442\u043a\u0430 \u043a\u0440\u0435\u0441\u043b\u0430<\/strong><\/td>\n<td width=\"73\"><strong>1 \u0448\u0442. <\/strong><\/td>\n<td width=\"143\"><strong>\u00a0250-350 \u043b\u0435\u0439<\/strong><\/td>\n<\/tr>\n<tr>\n<td><img loading=\"lazy\" decoding=\"async\" class=\"alignleft size-full wp-image-2383\" src=\"https:\/\/washexpert.md\/wp-content\/uploads\/2023\/08\/kreslo1.jpg\" alt=\"\" width=\"114\" height=\"85\" \/><\/td>\n<td width=\"245\"><strong>\u0425\u0438\u043c\u0447\u0438\u0441\u0442\u043a\u0430 \u0434\u0438\u0432\u0430\u043d\u0430<\/strong><\/td>\n<td width=\"73\"><strong>1 \u0448\u0442.<\/strong><\/td>\n<td width=\"143\"><strong>450-600 \u043b\u0435\u0439<\/strong><\/td>\n<\/tr>\n<tr>\n<td><img loading=\"lazy\" decoding=\"async\" class=\"alignleft size-full wp-image-2385\" src=\"https:\/\/washexpert.md\/wp-content\/uploads\/2023\/08\/ugolok.jpg\" alt=\"\" width=\"137\" height=\"91\" \/><\/td>\n<td width=\"245\"><strong>\u0425\u0438\u043c\u0447\u0438\u0441\u0442\u043a\u0430 \u0443\u0433\u043b\u043e\u0432\u043e\u0433\u043e \u0434\u0438\u0432\u0430\u043d\u0430<\/strong><\/td>\n<td width=\"73\"><strong>1 \u0448\u0442.<\/strong><\/td>\n<td width=\"143\"><strong>600-1000 \u043b\u0435\u0439<\/strong><\/td>\n<\/tr>\n<tr>\n<td><img loading=\"lazy\" decoding=\"async\" class=\"alignleft size-full wp-image-2387\" src=\"https:\/\/washexpert.md\/wp-content\/uploads\/2023\/08\/ugolok-kuhnya.jpg\" alt=\"\" width=\"149\" height=\"88\" \/><\/td>\n<td width=\"245\"><strong>\u0425\u0438\u043c\u0447\u0438\u0441\u0442\u043a\u0430 \u043a\u0443\u0445\u043e\u043d\u043d\u043e\u0433\u043e \u0443\u0433\u043e\u043b\u043a\u0430<\/strong><\/td>\n<td width=\"73\"><strong>1 \u0448\u0442. <\/strong><\/td>\n<td width=\"143\"><strong>450-600 \u043b\u0435\u0439<\/strong><\/td>\n<\/tr>\n<tr>\n<td><img loading=\"lazy\" decoding=\"async\" class=\"alignleft size-full wp-image-2389\" src=\"https:\/\/washexpert.md\/wp-content\/uploads\/2023\/08\/matras.jpg\" alt=\"\" width=\"163\" height=\"89\" \/><\/td>\n<td width=\"245\"><strong>\u0425\u0438\u043c\u0447\u0438\u0441\u0442\u043a\u0430 \u043c\u0430\u0442\u0440\u0430\u0441\u0430 <\/strong><\/td>\n<td width=\"73\"><strong>1 \u0448\u0442.<\/strong><\/td>\n<td width=\"143\"><strong>400-800 \u043b\u0435\u0439<\/strong><\/td>\n<\/tr>\n<\/tbody>\n<\/table>\n<p>[\/vc_column_text][\/vc_column][\/vc_row][vc_row full_width=&#8221;stretch_row&#8221; css=&#8221;.vc_custom_1645121567975{margin-top: 6rem !important;background-image: url(https:\/\/washexpert.md\/wp-content\/uploads\/2016\/06\/car2.jpg?id=1755) !important;background-position: center !important;background-repeat: no-repeat !important;background-size: cover !important;}&#8221;][vc_column]<div class=\"sc_section banner inverse_color margin_top_null margin_bottom_null alignleft\"><div class=\"sc_section_inner\"><h2 class=\"sc_section_title sc_item_title\">FABRIC\u0102 DE CUR\u0102\u021aARE COVOARE \u00abWASH EXPERT\u00bb<\/h2><h6 class=\"sc_section_subtitle sc_item_subtitle\">\u00cen fabrica noastr\u0103 lucreaz\u0103 exper\u021bii!<\/h6><div class=\"sc_section_content_wrap\"><a href=\"\/ro\/contacte\/\" target=\"_self\" class=\"sc_button sc_button_round sc_button_style_border sc_button_size_small alignleft margin_top_null margin_right_small margin_bottom_null  sc_button_iconed icon-up\">v\u0103 vom suna \u00eenapoi<\/a><a href=\"\/ro\/publicatii\/\" target=\"_self\" class=\"sc_button sc_button_round sc_button_style_border sc_button_size_small alignleft margin_top_null margin_right_null margin_bottom_null  sc_button_iconed icon-icon3\">mai multe despre servicii<\/a><\/div><\/div><\/div>[\/vc_column][\/vc_row][vc_row css=&#8221;.vc_custom_1691307584510{margin-top: 3.5rem !important;}&#8221;][vc_column]<div id=\"sc_services_1589198443_wrap\" class=\"sc_services_wrap\"><div id=\"sc_services_1589198443\" class=\"sc_services sc_services_style_services-2 sc_services_type_icons \" style=\"width:100%;\"><h2 class=\"sc_services_title sc_item_title\">Ne m\u00e2ndrim cu munca noastr\u0103<\/h2><h6 class=\"sc_services_subtitle sc_item_subtitle\">Servicii<\/h6><div class=\"sc_columns columns_wrap\"><div class=\"column-1_3 column_padding_bottom\">\t\t\t<div id=\"sc_services_1589198443_1\"\t\t\t\tclass=\"sc_services_item sc_services_item_1 odd first\"\n\t\t\t\t>\n\n\t\t\t\t<div class=\"sc_services_item_content\">\n\t\t\t\t\t<h4 class=\"sc_services_item_title\"><a href=\"https:\/\/washexpert.md\/ro\/services\/curatarea-si-spalarea-covoarelor\/\">Cur\u0103\u021barea \u0219i sp\u0103larea covoarelor<\/a><\/h4>\n\t\t\t\t\t<div class=\"sc_services_item_description\">\n\t\t\t\t\t\t<p>Spalarea covoarelor cu scoaterea si livrarea celui mai convenabil tip de serviciu. Pentru majoritatea covoarelor, sp\u0103larea este cel mai bun \u0219i mai...<\/p><a href=\"https:\/\/washexpert.md\/ro\/services\/curatarea-si-spalarea-covoarelor\/\" class=\"sc_button sc_button_round sc_button_style_filled sc_button_size_small sc_services_item_readmore \">Mai mult...<\/a>\t\t\t\t\t<\/div>\n\t\t\t\t<\/div>\n\t\t\t<\/div>\n\t\t<\/div><div class=\"column-1_3 column_padding_bottom\">\t\t\t<div id=\"sc_services_1589198443_2\"\t\t\t\tclass=\"sc_services_item sc_services_item_2 even\"\n\t\t\t\t>\n\n\t\t\t\t<div class=\"sc_services_item_content\">\n\t\t\t\t\t<h4 class=\"sc_services_item_title\"><a href=\"https:\/\/washexpert.md\/ro\/services\/curatarea-si-spalarea-cuverturilor-si-a-paturilor\/\">Cur\u0103\u021barea \u0219i sp\u0103larea cuverturilor \u0219i a p\u0103turilor<\/a><\/h4>\n\t\t\t\t\t<div class=\"sc_services_item_description\">\n\t\t\t\t\t\t<p>Cur\u0103\u021barea sau sp\u0103larea se face \u00een conformitate cu etichetarea produc\u0103torului, cu recomand\u0103ri de prelucrare \u0219i \u00een absen\u021ba acestuia, tehnologi...<\/p><a href=\"https:\/\/washexpert.md\/ro\/services\/curatarea-si-spalarea-cuverturilor-si-a-paturilor\/\" class=\"sc_button sc_button_round sc_button_style_filled sc_button_size_small sc_services_item_readmore \">Mai mult...<\/a>\t\t\t\t\t<\/div>\n\t\t\t\t<\/div>\n\t\t\t<\/div>\n\t\t<\/div><div class=\"column-1_3 column_padding_bottom\">\t\t\t<div id=\"sc_services_1589198443_3\"\t\t\t\tclass=\"sc_services_item sc_services_item_3 odd\"\n\t\t\t\t>\n\n\t\t\t\t<div class=\"sc_services_item_content\">\n\t\t\t\t\t<h4 class=\"sc_services_item_title\"><a href=\"https:\/\/washexpert.md\/ro\/services\/curatarea-chimica-a-mobilierului\/\">Cur\u0103\u021barea chimic\u0103 a mobilierului<\/a><\/h4>\n\t\t\t\t\t<div class=\"sc_services_item_description\">\n\t\t\t\t\t\t<p>Ca urmare a cur\u0103\u021b\u0103rii chimice, interiorul dumneavoastr\u0103 se va schimba \u00een bine. Lucrurile vor dob\u00e2ndi din nou prospe\u021bime \u0219i noutate.<\/p><a href=\"https:\/\/washexpert.md\/ro\/services\/curatarea-chimica-a-mobilierului\/\" class=\"sc_button sc_button_round sc_button_style_filled sc_button_size_small sc_services_item_readmore \">Mai mult...<\/a>\t\t\t\t\t<\/div>\n\t\t\t\t<\/div>\n\t\t\t<\/div>\n\t\t<\/div><\/div><\/div><!-- \/.sc_services --><\/div><!-- \/.sc_services_wrap -->[vc_row_inner content_placement=&#8221;middle&#8221; css=&#8221;.vc_custom_1645126127406{margin-top: 60px !important;margin-bottom: 60px !important;}&#8221;][vc_column_inner][vc_images_carousel images=&#8221;1818,1819,1820,1821,1822,1823&#8243; img_size=&#8221;full&#8221; onclick=&#8221;link_no&#8221; speed=&#8221;3000&#8243; slides_per_view=&#8221;3&#8243; autoplay=&#8221;yes&#8221; wrap=&#8221;yes&#8221; title=&#8221;Lucr\u0103ri&#8221;][\/vc_column_inner][\/vc_row_inner][vc_video link=&#8221;https:\/\/www.youtube.com\/watch?v=0datIFuLURM&#8221; el_width=&#8221;90&#8243; align=&#8221;center&#8221; css=&#8221;.vc_custom_1744215375998{margin-bottom: 60px !important;padding-top: 60px !important;}&#8221;][\/vc_column][\/vc_row][vc_row full_width=&#8221;stretch_row&#8221; el_class=&#8221;gradient_2&#8243; css=&#8221;.vc_custom_1645123367399{padding-top: 60px !important;padding-bottom: 60px !important;}&#8221;][vc_column][vc_column_text]<\/p>\n<h2 style=\"text-align: center;\">Las\u0103 o recenzie pe H\u0103r\u021bi Google<\/h2>\n<p><a href=\"https:\/\/g.page\/r\/CUBLCSmzYD3AEB0\/review\" target=\"_blank\" rel=\"noopener\"><img loading=\"lazy\" decoding=\"async\" class=\"aligncenter wp-image-2109\" src=\"https:\/\/washexpert.md\/wp-content\/uploads\/2022\/02\/2022-02-17_20-38-20.jpg\" alt=\"\" width=\"379\" height=\"370\" srcset=\"https:\/\/washexpert.md\/wp-content\/uploads\/2022\/02\/2022-02-17_20-38-20.jpg 705w, https:\/\/washexpert.md\/wp-content\/uploads\/2022\/02\/2022-02-17_20-38-20-300x293.jpg 300w, https:\/\/washexpert.md\/wp-content\/uploads\/2022\/02\/2022-02-17_20-38-20-600x586.jpg 600w\" sizes=\"auto, (max-width: 379px) 100vw, 379px\" \/><\/a>[\/vc_column_text][\/vc_column][\/vc_row]<\/p>\n<\/section>","protected":false},"excerpt":{"rendered":"<p>[vc_row][vc_column][vc_column_text] \u0426\u0435\u043d\u044b \u043d\u0430 \u0443\u0441\u043b\u0443\u0433\u0438 \u0425\u0438\u043c\u0447\u0438\u0441\u0442\u043a\u0438 \u043a\u043e\u0432\u0440\u043e\u0432 \u0427\u0438\u0441\u0442\u043a\u0430 \u043a\u043e\u0432\u0440\u043e\u0432 (\u0441\u0430\u043c\u043e\u0432\u044b\u0432\u043e\u0437) \u0427\u0438\u0441\u0442\u043a\u0430 \u043a\u043e\u0432\u0440\u043e\u0432 (\u0441 \u0434\u043e\u0441\u0442\u0430\u0432\u043a\u043e\u0439) 1\u043c2 1\u043c2 40 \u043b\u0435\u0439 50 \u043b\u0435\u0439 \u041e\u0434\u0435\u044f\u043b\u043e \u0441\u0438\u043d\u0442\u0435\u043f\u043e\u043d\u043e\u0432\u043e\u0435 \u043f\u043e\u043b\u0443\u0442\u043e\u0440\u043d\u043e\u0435 \u041e\u0434\u0435\u044f\u043b\u043e \u0441\u0438\u043d\u0442\u0435\u043f\u043e\u043d\u043e\u0432\u043e\u0435 \u0434\u0432\u0443\u0441\u043f\u0430\u043b\u044c\u043d\u043e\u0435 (\u0441\u0432\u044b\u0448\u0435 150 \u0441\u043c) 1 \u0448\u0442 1 \u0448\u0442 250 \u043b\u0435\u0439 300 \u043b\u0435\u0439 \u041f\u043b\u0435\u0434, \u043f\u043e\u043a\u0440\u044b\u0432\u0430\u043b\u043e \u043f\u043e\u043b\u0443\u0442\u043e\u0440\u043d\u044b\u0439 \u041f\u043b\u0435\u0434, \u043f\u043e\u043a\u0440\u044b\u0432\u0430\u043b\u043e \u0434\u0432\u0443\u0441\u043f\u0430\u043b\u044c\u043d\u044b\u0439 \u041f\u043b\u0435\u0434 \u0434\u0432\u043e\u0439\u043d\u043e\u0439 \u0438\u0437 \u0438\u0441\u043a\u0443\u0441\u0441\u0442\u0432\u0435\u043d\u043d\u043e\u0433\u043e \u043c\u0435\u0445\u0430 \u043f\u043e\u043b\u0443\u0442\u043e\u0440\u043d\u044b\u0439 (150*200) \u041f\u043b\u0435\u0434 \u0434\u0432\u043e\u0439\u043d\u043e\u0439 \u0438\u0437 \u0438\u0441\u043a\u0443\u0441\u0441\u0442\u0432\u0435\u043d\u043d\u043e\u0433\u043e \u043c\u0435\u0445\u0430 \u0434\u0432\u0443\u0441\u043f\u0430\u043b\u044c\u043d\u044b\u0439 [&hellip;]<\/p>\n","protected":false},"author":1,"featured_media":0,"parent":0,"menu_order":0,"comment_status":"closed","ping_status":"closed","template":"","meta":{"footnotes":""},"class_list":["post-2095","page","type-page","status-publish","hentry"],"aioseo_notices":[],"_links":{"self":[{"href":"https:\/\/washexpert.md\/ro\/wp-json\/wp\/v2\/pages\/2095","targetHints":{"allow":["GET"]}}],"collection":[{"href":"https:\/\/washexpert.md\/ro\/wp-json\/wp\/v2\/pages"}],"about":[{"href":"https:\/\/washexpert.md\/ro\/wp-json\/wp\/v2\/types\/page"}],"author":[{"embeddable":true,"href":"https:\/\/washexpert.md\/ro\/wp-json\/wp\/v2\/users\/1"}],"replies":[{"embeddable":true,"href":"https:\/\/washexpert.md\/ro\/wp-json\/wp\/v2\/comments?post=2095"}],"version-history":[{"count":26,"href":"https:\/\/washexpert.md\/ro\/wp-json\/wp\/v2\/pages\/2095\/revisions"}],"predecessor-version":[{"id":2526,"href":"https:\/\/washexpert.md\/ro\/wp-json\/wp\/v2\/pages\/2095\/revisions\/2526"}],"wp:attachment":[{"href":"https:\/\/washexpert.md\/ro\/wp-json\/wp\/v2\/media?parent=2095"}],"curies":[{"name":"wp","href":"https:\/\/api.w.org\/{rel}","templated":true}]}}