{"id":2136,"date":"2022-02-20T21:20:57","date_gmt":"2022-02-20T19:20:57","guid":{"rendered":"https:\/\/washexpert.md\/?post_type=product&#038;p=2136"},"modified":"2022-02-20T21:20:57","modified_gmt":"2022-02-20T19:20:57","slug":"parfum-pentru-covoare","status":"publish","type":"product","link":"https:\/\/washexpert.md\/ro\/shop\/parfum-pentru-covoare\/","title":{"rendered":"PARFUM PENTRU COVOARE"},"content":{"rendered":"<p>Datorit\u0103 componentelor speciale, absoarbe mirosurile nepl\u0103cute, l\u0103s\u00e2nd aroma. Instruc\u021biuni de utilizare: pute\u021bi pulveriza produsul pe covor.<\/p>\n","protected":false},"excerpt":{"rendered":"<p>Datorit\u0103 componentelor speciale, absoarbe mirosurile nepl\u0103cute, l\u0103s\u00e2nd aroma. Instruc\u021biuni de utilizare: pute\u021bi pulveriza produsul pe covor.<\/p>\n","protected":false},"featured_media":1921,"template":"","meta":[],"product_brand":[],"product_cat":[49],"product_tag":[91],"class_list":{"0":"post-2136","1":"product","2":"type-product","3":"status-publish","4":"has-post-thumbnail","6":"product_cat-produkty","7":"product_tag-parfyum-dlya-kovrov","9":"first","10":"instock","11":"shipping-taxable","12":"product-type-simple"},"aioseo_notices":[],"_links":{"self":[{"href":"https:\/\/washexpert.md\/ro\/wp-json\/wp\/v2\/product\/2136","targetHints":{"allow":["GET"]}}],"collection":[{"href":"https:\/\/washexpert.md\/ro\/wp-json\/wp\/v2\/product"}],"about":[{"href":"https:\/\/washexpert.md\/ro\/wp-json\/wp\/v2\/types\/product"}],"wp:featuredmedia":[{"embeddable":true,"href":"https:\/\/washexpert.md\/ro\/wp-json\/wp\/v2\/media\/1921"}],"wp:attachment":[{"href":"https:\/\/washexpert.md\/ro\/wp-json\/wp\/v2\/media?parent=2136"}],"wp:term":[{"taxonomy":"product_brand","embeddable":true,"href":"https:\/\/washexpert.md\/ro\/wp-json\/wp\/v2\/product_brand?post=2136"},{"taxonomy":"product_cat","embeddable":true,"href":"https:\/\/washexpert.md\/ro\/wp-json\/wp\/v2\/product_cat?post=2136"},{"taxonomy":"product_tag","embeddable":true,"href":"https:\/\/washexpert.md\/ro\/wp-json\/wp\/v2\/product_tag?post=2136"}],"curies":[{"name":"wp","href":"https:\/\/api.w.org\/{rel}","templated":true}]}}