{"id":2142,"date":"2022-02-20T21:29:40","date_gmt":"2022-02-20T19:29:40","guid":{"rendered":"https:\/\/washexpert.md\/?post_type=product&#038;p=2142"},"modified":"2022-02-20T21:29:41","modified_gmt":"2022-02-20T19:29:41","slug":"solutie-pentru-indepartarea-ruginii","status":"publish","type":"product","link":"https:\/\/washexpert.md\/ro\/shop\/solutie-pentru-indepartarea-ruginii\/","title":{"rendered":"SOLU\u021aIE PENTRU \u00ceNDEP\u0102RTAREA RUGINII"},"content":{"rendered":"<p>Agent de cur\u0103\u021bare pentru \u00eendep\u0103rtarea ruginei pe \u021bes\u0103turi \u0219i suprafe\u021be metalice. Cu o formul\u0103 special\u0103, poate \u00eendep\u0103rta cu u\u0219urin\u021b\u0103 rugina de pe suprafa\u021b\u0103. Asigura\u021bi-v\u0103 c\u0103 utiliza\u021bi m\u0103nu\u0219i de cauciuc pentru cur\u0103\u021bare, deoarece produsul con\u021bine substan\u021be chimice care pot irita pielea m\u00e2inilor. Evita\u021bi orice contact cu pielea.<\/p>\n","protected":false},"excerpt":{"rendered":"<p>Agent de cur\u0103\u021bare pentru \u00eendep\u0103rtarea ruginei pe \u021bes\u0103turi \u0219i suprafe\u021be metalice. Cu o formul\u0103 special\u0103, poate \u00eendep\u0103rta cu u\u0219urin\u021b\u0103 rugina de pe suprafa\u021b\u0103. Asigura\u021bi-v\u0103 c\u0103 utiliza\u021bi m\u0103nu\u0219i de cauciuc pentru cur\u0103\u021bare, deoarece produsul con\u021bine substan\u021be chimice care pot irita pielea m\u00e2inilor. Evita\u021bi orice contact cu pielea.<\/p>\n","protected":false},"featured_media":1926,"template":"","meta":[],"product_brand":[],"product_cat":[49],"product_tag":[87],"class_list":{"0":"post-2142","1":"product","2":"type-product","3":"status-publish","4":"has-post-thumbnail","6":"product_cat-produkty","7":"product_tag-sredstvo-dlya-udaleniya-rzhavchin","9":"first","10":"instock","11":"shipping-taxable","12":"product-type-simple"},"aioseo_notices":[],"_links":{"self":[{"href":"https:\/\/washexpert.md\/ro\/wp-json\/wp\/v2\/product\/2142","targetHints":{"allow":["GET"]}}],"collection":[{"href":"https:\/\/washexpert.md\/ro\/wp-json\/wp\/v2\/product"}],"about":[{"href":"https:\/\/washexpert.md\/ro\/wp-json\/wp\/v2\/types\/product"}],"wp:featuredmedia":[{"embeddable":true,"href":"https:\/\/washexpert.md\/ro\/wp-json\/wp\/v2\/media\/1926"}],"wp:attachment":[{"href":"https:\/\/washexpert.md\/ro\/wp-json\/wp\/v2\/media?parent=2142"}],"wp:term":[{"taxonomy":"product_brand","embeddable":true,"href":"https:\/\/washexpert.md\/ro\/wp-json\/wp\/v2\/product_brand?post=2142"},{"taxonomy":"product_cat","embeddable":true,"href":"https:\/\/washexpert.md\/ro\/wp-json\/wp\/v2\/product_cat?post=2142"},{"taxonomy":"product_tag","embeddable":true,"href":"https:\/\/washexpert.md\/ro\/wp-json\/wp\/v2\/product_tag?post=2142"}],"curies":[{"name":"wp","href":"https:\/\/api.w.org\/{rel}","templated":true}]}}