{"id":2145,"date":"2022-02-20T21:35:27","date_gmt":"2022-02-20T19:35:27","guid":{"rendered":"https:\/\/washexpert.md\/?post_type=product&#038;p=2145"},"modified":"2022-02-20T21:35:27","modified_gmt":"2022-02-20T19:35:27","slug":"skaria-cleaner","status":"publish","type":"product","link":"https:\/\/washexpert.md\/ro\/shop\/skaria-cleaner\/","title":{"rendered":"SKARIA CLEANER"},"content":{"rendered":"<p>Este folosit pentru cur\u0103\u021barea panourilor din piele, vinil, podele, scaune \u0219i suprafe\u021be din plastic \u00een vehicule. SKARIA CLEANER poate fi folosit ca solu\u021bie de \u00eendep\u0103rtare a petelor dup\u0103 sp\u0103lare \u0219i cur\u0103\u021bare la domiciliu. Suprafa\u021ba utilizat\u0103 este decolorat\u0103 \u0219i nu se deformeaz\u0103.<\/p>\n<h6 class=\"font-weight-bold\">Instruc\u021biuni de utilizare:<\/h6>\n<p>Pentru cur\u0103\u021barea scaunelor auto, tavanelor, tapi\u021beriei 1 litru de produs poate fi amestecat cu p\u00e2n\u0103 la 10 litri de ap\u0103, \u00een func\u021bie de complicitatea murd\u0103riei. \u00cen func\u021bie de densitatea murd\u0103riei, produsul de 1 litru poate fi amestecat cu ap\u0103 la 30-35 \u00b0 C p\u00e2n\u0103 la 5 litri pentru utilizare \u00een procesul de sp\u0103lare a rolelor. Peste 10 minute dup\u0103 pulverizarea cur\u0103\u021ba\u021bi \u00eencet cu o perie automat\u0103. \u00cen timpul procesului de sp\u0103lare a covoarelor, este folosit ca o solu\u021bie de \u00eendep\u0103rtare a petelor. Poate fi folosit ca o solu\u021bie direct de \u00eendep\u0103rtare a petelor \u00een timpul ultimului pachet de verificare pe instala\u021biile de sp\u0103lare a covoarelor. \u00cen timpul test\u0103rii finale a ambalajului \u00eenainte de a utiliza covoare sub\u021biri, cum ar fi covoare \u021besute din l\u00e2n\u0103, covoare de m\u0103tase, covoare nepaleze \u0219i covoare de m\u0103tase. Poate fi folosit \u00een timpul sp\u0103l\u0103rii scaunului \u00een timpul cur\u0103\u021b\u0103rii interioare. Pentru sp\u0103larea 1 litru de produs poate fi amestecat cu 20 de litri de ap\u0103. Spray pe scaun, pensul\u0103 cu perie \u0219i vid. Procesul de \u00eendep\u0103rtare a petelor poate fi realizat prin pulverizarea concentratului pe zone excesiv de colorate.<\/p>\n","protected":false},"excerpt":{"rendered":"<p>Este folosit pentru cur\u0103\u021barea panourilor din piele, vinil, podele, scaune \u0219i suprafe\u021be din plastic \u00een vehicule. SKARIA CLEANER poate fi folosit ca solu\u021bie de \u00eendep\u0103rtare a petelor dup\u0103 sp\u0103lare \u0219i cur\u0103\u021bare la domiciliu. Suprafa\u021ba utilizat\u0103 este decolorat\u0103 \u0219i nu se deformeaz\u0103. Instruc\u021biuni de utilizare: Pentru cur\u0103\u021barea scaunelor auto, tavanelor, tapi\u021beriei 1 litru de produs poate [&hellip;]<\/p>\n","protected":false},"featured_media":1927,"template":"","meta":[],"product_brand":[],"product_cat":[49],"product_tag":[86],"class_list":{"0":"post-2145","1":"product","2":"type-product","3":"status-publish","4":"has-post-thumbnail","6":"product_cat-produkty","7":"product_tag-skaria-cleaner","9":"first","10":"instock","11":"shipping-taxable","12":"product-type-simple"},"aioseo_notices":[],"_links":{"self":[{"href":"https:\/\/washexpert.md\/ro\/wp-json\/wp\/v2\/product\/2145","targetHints":{"allow":["GET"]}}],"collection":[{"href":"https:\/\/washexpert.md\/ro\/wp-json\/wp\/v2\/product"}],"about":[{"href":"https:\/\/washexpert.md\/ro\/wp-json\/wp\/v2\/types\/product"}],"wp:featuredmedia":[{"embeddable":true,"href":"https:\/\/washexpert.md\/ro\/wp-json\/wp\/v2\/media\/1927"}],"wp:attachment":[{"href":"https:\/\/washexpert.md\/ro\/wp-json\/wp\/v2\/media?parent=2145"}],"wp:term":[{"taxonomy":"product_brand","embeddable":true,"href":"https:\/\/washexpert.md\/ro\/wp-json\/wp\/v2\/product_brand?post=2145"},{"taxonomy":"product_cat","embeddable":true,"href":"https:\/\/washexpert.md\/ro\/wp-json\/wp\/v2\/product_cat?post=2145"},{"taxonomy":"product_tag","embeddable":true,"href":"https:\/\/washexpert.md\/ro\/wp-json\/wp\/v2\/product_tag?post=2145"}],"curies":[{"name":"wp","href":"https:\/\/api.w.org\/{rel}","templated":true}]}}