{"id":2148,"date":"2022-02-20T21:38:47","date_gmt":"2022-02-20T19:38:47","guid":{"rendered":"https:\/\/washexpert.md\/?post_type=product&#038;p=2148"},"modified":"2022-02-20T21:38:47","modified_gmt":"2022-02-20T19:38:47","slug":"sampon-pentru-curatarea-covoarelor-extra","status":"publish","type":"product","link":"https:\/\/washexpert.md\/ro\/shop\/sampon-pentru-curatarea-covoarelor-extra\/","title":{"rendered":"\u0218AMPON PENTRU CUR\u0102\u021aAREA COVOARELOR EXTRA"},"content":{"rendered":"<p>Descriere: WIEBERR extra SHAMPOO este un produs concentrat pe care \u00eel pute\u021bi utiliza pentru a cur\u0103\u021ba toate tipurile de covoare. Av\u00e2nd valori aproape neutre ale pH &#8211; ului \u0219i structurii amfoterului, \u0219amponul se spal\u0103 bine \u0219i se cl\u0103te\u0219te u\u0219or. Cu formula sa special\u0103, WIEBERR extra SHAMPOO cur\u0103\u021b\u0103 murd\u0103ria \u0219i petele, formeaz\u0103 o mul\u021bime de spum\u0103 \u0219i asigur\u0103 o cl\u0103tire u\u0219oar\u0103. Covoarele dvs. vor deveni moi \u0219i vor str\u0103luci. Wieberr Extra-folosit pentru produse din m\u0103tase.<\/p>\n<h6 class=\"font-weight-bold\">Instruc\u021biuni de utilizare:<\/h6>\n<p>\u00centr-o ma\u0219in\u0103 de sp\u0103lat manual\u0103 cu o singur\u0103 perie, trebuie diluat 1 litru de \u0219ampon pentru 50 de litri de ap\u0103 .\u00centr-o ma\u0219in\u0103 de sp\u0103lat automat\u0103, ad\u0103uga\u021bi 1 litru de \u0219ampon la 100 de litri de ap\u0103. 2000 m2 de covor pot fi sp\u0103late cu 20 de litri de sampon.<\/p>\n","protected":false},"excerpt":{"rendered":"<p>Descriere: WIEBERR extra SHAMPOO este un produs concentrat pe care \u00eel pute\u021bi utiliza pentru a cur\u0103\u021ba toate tipurile de covoare. Av\u00e2nd valori aproape neutre ale pH &#8211; ului \u0219i structurii amfoterului, \u0219amponul se spal\u0103 bine \u0219i se cl\u0103te\u0219te u\u0219or.<\/p>\n","protected":false},"featured_media":1929,"template":"","meta":[],"product_brand":[],"product_cat":[49],"product_tag":[83],"class_list":{"0":"post-2148","1":"product","2":"type-product","3":"status-publish","4":"has-post-thumbnail","6":"product_cat-produkty","7":"product_tag-shampun-dlya-chistki-kovrov-extra","9":"first","10":"instock","11":"shipping-taxable","12":"product-type-simple"},"aioseo_notices":[],"_links":{"self":[{"href":"https:\/\/washexpert.md\/ro\/wp-json\/wp\/v2\/product\/2148","targetHints":{"allow":["GET"]}}],"collection":[{"href":"https:\/\/washexpert.md\/ro\/wp-json\/wp\/v2\/product"}],"about":[{"href":"https:\/\/washexpert.md\/ro\/wp-json\/wp\/v2\/types\/product"}],"wp:featuredmedia":[{"embeddable":true,"href":"https:\/\/washexpert.md\/ro\/wp-json\/wp\/v2\/media\/1929"}],"wp:attachment":[{"href":"https:\/\/washexpert.md\/ro\/wp-json\/wp\/v2\/media?parent=2148"}],"wp:term":[{"taxonomy":"product_brand","embeddable":true,"href":"https:\/\/washexpert.md\/ro\/wp-json\/wp\/v2\/product_brand?post=2148"},{"taxonomy":"product_cat","embeddable":true,"href":"https:\/\/washexpert.md\/ro\/wp-json\/wp\/v2\/product_cat?post=2148"},{"taxonomy":"product_tag","embeddable":true,"href":"https:\/\/washexpert.md\/ro\/wp-json\/wp\/v2\/product_tag?post=2148"}],"curies":[{"name":"wp","href":"https:\/\/api.w.org\/{rel}","templated":true}]}}